{"id":4,"date":"2018-10-23T12:57:24","date_gmt":"2018-10-23T10:57:24","guid":{"rendered":"https:\/\/altaro.com.pl\/blog\/?page_id=4"},"modified":"2019-09-12T14:00:43","modified_gmt":"2019-09-12T12:00:43","slug":"polityka-prywatnosci","status":"publish","type":"page","link":"https:\/\/www.altaro.com.pl\/blog\/polityka-prywatnosci\/","title":{"rendered":"Polityka prywatno\u015bci"},"content":{"rendered":"<p>Skoro trafi\u0142e\u015b do tej zak\u0142adki, to znaczy, \u017ce wa\u017cne jest dla Ciebie bezpiecze\u0144stwo Twoich danych w Sieci. Wiedz, \u017ce dbamy o\u00a0odpowiednie traktowanie Twoich danych osobowych.<\/p>\n<p>Szanuj\u0105c Tw\u00f3j czas, przygotowali\u015bmy dla Ciebie skr\u00f3con\u0105 wersj\u0119 najwa\u017cniejszych zasad zwi\u0105zanych z\u00a0ochron\u0105 prywatno\u015bci. Je\u017celi podstawowe informacje oka\u017c\u0105 si\u0119 dla Ciebie niewystarczaj\u0105ce, poni\u017cej znajdziesz szerszy opis, w kt\u00f3rym wyja\u015bniamy jak obchodzimy si\u0119 z powierzonymi nam przez Ciebie danymi osobowymi.<\/p>\n<p><strong><\/strong><strong><u>I. Podstawowe informacje<\/u><\/strong><\/p>\n<ol>\n<li>Administratorem danych osobowych na stronie <strong>altaro.com.pl\/blog<\/strong> jest SPARK-IT Sp. z o.o. z siedzib\u0105 w Lublinie 20-326 przy ulicy Dul\u0119by 2A, wpisan\u0105 przez S\u0105d Rejonowy Lublin &#8211; Wsch\u00f3d w Lublinie z siedzib\u0105 w \u015awidniku, VI Wydzia\u0142 Gospodarczy &#8211; Krajowy Rejestr S\u0105dowy pod nr KRS 0000595071, NIP 946-265-67-68, REGON 363375285. Mo\u017cesz si\u0119 z nami skontaktowa\u0107 w ka\u017cdej chwili z wykorzystaniem adresu e-mail: biuro@spark-it.pl.<\/li>\n<li>Pami\u0119taj, \u017ce podanie danych osobowych, a tak\u017ce zgoda na ich przetwarzanie s\u0105 ca\u0142kowicie dobrowolne. Wszelkie przekazane nam dane osobowe s\u0105 przetwarzane wy\u0142\u0105cznie w zakresie i w celu, na jaki wyrazi\u0142e\u015b zgod\u0119.<\/li>\n<li>W ka\u017cdej chwili masz prawo do aktualizacji lub ca\u0142kowitego usuni\u0119cia swoich danych osobowych. Mo\u017cesz to zrobi\u0107 samodzielnie lub korzystaj\u0105c z naszej pomocy.<\/li>\n<li>Dbamy o nale\u017cyt\u0105 ochron\u0119 Twoich danych osobowych, gwarantuj\u0105c Ci, \u017ce b\u0119d\u0105 one przetwarzane wy\u0142\u0105cznie w celu, na kt\u00f3ry wyrazi\u0142e\u015b zgod\u0119, przechowywane w bezpieczny spos\u00f3b oraz nieudost\u0119pniane podmiotom trzecim, je\u017celi nie wyrazi\u0142e\u015b na to zgody.<\/li>\n<li>Zapisuj\u0105c si\u0119 na newsletter lub dokonuj\u0105c zam\u00f3wienia, przekazujesz nam swoje dane osobowe, a my gwarantujemy Ci, \u017ce Twoje dane pozostan\u0105 bezpieczne i nie zostan\u0105 udost\u0119pnione podmiotom trzecim bez Twojej wyra\u017anej zgody.<\/li>\n<li>Korzystamy z narz\u0119dzi analitycznych, opisanych poni\u017cej, kt\u00f3re zbieraj\u0105 anonimowe informacje na temat Twoich odwiedzin serwisu. Wykorzystujemy te\u017c narz\u0119dzia takie jak Facebook Pixel i Google AdWords, kt\u00f3re pozwalaj\u0105 wy\u015bwietla\u0107 Ci reklamy.<\/li>\n<li>Podobnie jak ma to miejsce niemal na ka\u017cdej stronie internetowej, my r\u00f3wnie\u017c wykorzystujemy pliki cookies.<\/li>\n<\/ol>\n<p><strong><\/strong><strong><u>II. Administrator<\/u><\/strong><\/p>\n<p>Administratorem danych osobowych strony internetowej: <strong>www.altaro.com.pl\/blog<\/strong>, czyli podmiotem odpowiedzialnym za zapewnienie bezpiecze\u0144stwa Twoim danym osobowym jest:<\/p>\n<p>SPARK-IT Sp. z o.o. z siedzib\u0105 w Lublinie 20-326 przy ulicy Dul\u0119by 2A, wpisan\u0105 przez S\u0105d Rejonowy Lublin &#8211; Wsch\u00f3d w Lublinie z siedzib\u0105 w \u015awidniku, VI Wydzia\u0142 Gospodarczy &#8211; Krajowy Rejestr S\u0105dowy pod nr KRS 0000595071, NIP 946-265-67-68, REGON 363375285<\/p>\n<p>Dane kontaktowe:<\/p>\n<p>e-mail: biuro@spark-it.pl<\/p>\n<p><strong><\/strong><strong><u>III. Twoje uprawnienia<\/u><\/strong><\/p>\n<p>Aktualne przepisy prawa przyznaj\u0105 Ci szereg uprawnie\u0144 zwi\u0105zanych z przetwarzaniem Twoich danych osobowych:<\/p>\n<ol>\n<li>prawo dost\u0119pu do danych osobowych,<\/li>\n<li>prawo do sprostowania danych osobowych,<\/li>\n<li>prawo do usuni\u0119cia danych osobowych,<\/li>\n<li>prawo do ograniczenia przetwarzania danych osobowych,<\/li>\n<li>prawo do wniesienia sprzeciwu co do przetwarzania danych osobowych,<\/li>\n<li>prawo do przenoszenia danych,<\/li>\n<li>prawo do wniesienia skargi do organu nadzorczego (Prezesa Urz\u0119du Ochrony Danych Osobowych),<\/li>\n<li>prawo do odwo\u0142ania zgody na przetwarzanie danych osobowych, je\u017celi wyrazi\u0142e\u015b tak\u0105 zgod\u0119.<\/li>\n<\/ol>\n<p>Pami\u0119taj, \u017ce zawsze mo\u017cesz r\u00f3wnie\u017c zwr\u00f3ci\u0107 si\u0119 do nas z \u017c\u0105daniem udost\u0119pnienia Ci szerszych informacji, jakimi danymi na Tw\u00f3j temat dysponujemy oraz w jakich celach je przetwarzamy. Wystarczy, \u017ce wy\u015blesz wiadomo\u015b\u0107 na podany powy\u017cej adres e-mail.<\/p>\n<p><strong><\/strong><strong><u>IV. Cele, w jakich przetwarzamy Twoje dane osobowe<\/u><\/strong><\/p>\n<ol>\n<li>Newsletter<\/li>\n<\/ol>\n<p>Zapisuj\u0105c si\u0119 do newslettera, przekazujesz nam sw\u00f3j adres e-mail oraz swoje imi\u0119 za po\u015brednictwem formularza zapisu do newslettera. Podanie danych jest dobrowolne, lecz konieczne, by zapisa\u0107 si\u0119 do newslettera.<\/p>\n<p>Dane te wykorzystywane s\u0105 w celu przesy\u0142ania Ci newslettera, a podstaw\u0105 prawn\u0105 do ich przetwarzania jest Twoja zgoda. Dane b\u0119d\u0105 przetwarzane przez czas funkcjonowania newslettera, chyba \u017ce wcze\u015bniej zrezygnujesz z jego otrzymywania, co spowoduje usuni\u0119cie Twoich danych z bazy.<\/p>\n<p>W ka\u017cdej chwili mo\u017cesz sprostowa\u0107 swoje dane zapisane w naszej bazie newsletterowej, jak r\u00f3wnie\u017c za\u017c\u0105da\u0107 ich usuni\u0119cia, rezygnuj\u0105c z otrzymywania newslettera.<\/p>\n<ol start=\"2\">\n<li>Zam\u00f3wienia i wystawianie faktur VAT<\/li>\n<\/ol>\n<p>Zamawiaj\u0105c na stronie internetowej jakikolwiek produkt, podajesz nam dane niezb\u0119dne do realizacji zam\u00f3wienia (imi\u0119 i nazwisko, adres rozliczeniowy, adres e-mail, numer telefonu). Podanie danych jest dobrowolne, ale niezb\u0119dne do z\u0142o\u017cenia zam\u00f3wienia.<\/p>\n<p>Dane przekazane nam w zwi\u0105zku z zam\u00f3wieniem przetwarzane s\u0105 w celu realizacji zam\u00f3wienia, wystawienia faktury i uwzgl\u0119dnienia jej w dokumentacji ksi\u0119gowej, a tak\u017ce mog\u0105 by\u0107 wykorzystane w celach archiwalnych i statystycznych.<\/p>\n<p>Dane o zam\u00f3wieniach b\u0119d\u0105 przetwarzane przez czas niezb\u0119dny do realizacji zam\u00f3wienia, a p\u00f3\u017aniej do czasu up\u0142ywu terminu przedawnienia roszcze\u0144 z tytu\u0142u zawartej umowy. Po up\u0142ywie tego terminu, dane nadal mog\u0105 by\u0107 przez nas przetwarzane w celach statystycznych. Mamy obowi\u0105zek przechowywa\u0107 faktury przez okres 5 lat od ko\u0144ca roku podatkowego, w kt\u00f3rym nast\u0105pi\u0142o wystawienie faktury VAT.<\/p>\n<p>W przypadku danych podanych w celu realizacji zam\u00f3wienia nie mo\u017cesz sprzeciwi\u0107 si\u0119 przetwarzaniu danych oraz domaga\u0107 si\u0119 usuni\u0119cia danych do czasu up\u0142ywu terminu przedawnienia roszcze\u0144 z tytu\u0142u zawartej umowy.<\/p>\n<ol start=\"3\">\n<li>Reklamacje i odst\u0105pienie od umowy<\/li>\n<\/ol>\n<p>Sk\u0142adaj\u0105c reklamacj\u0119 lub odst\u0119puj\u0105c od umowy przekazujesz nam dane osobowe zawarte w tre\u015bci swojego o\u015bwiadczenia (imi\u0119 i nazwisko, adres, numer telefonu, adres e-mail oraz ewentualnie numer rachunku bankowego).<\/p>\n<p>Podanie tych danych jest dobrowolne, lecz konieczne, by z\u0142o\u017cy\u0107 reklamacj\u0119 lub odst\u0105pi\u0107 od umowy. Dane przekazane nam w zwi\u0105zku ze z\u0142o\u017ceniem reklamacji lub odst\u0105pieniem od umowy wykorzystywane s\u0105 w celu realizacji procedury reklamacyjnej lub procedury odst\u0105pienia od umowy.<\/p>\n<p>Dane b\u0119d\u0105 przetwarzane przez czas niezb\u0119dny do realizacji procedury reklamacyjnej lub procedury odst\u0105pienia. W przypadku danych zawartych w reklamacjach oraz o\u015bwiadczeniach o odst\u0105pieniu od umowy nie masz mo\u017cliwo\u015bci sprzeciwi\u0107 si\u0119 przetwarzaniu swoich danych oraz domaga\u0107 si\u0119 usuni\u0119cia danych do czasu up\u0142ywu terminu przedawnienia roszcze\u0144 z tytu\u0142u zawartej umowy.<\/p>\n<ol start=\"4\">\n<li>Kontakt z wykorzystaniem formularza<\/li>\n<\/ol>\n<p>Kontaktuj\u0105c si\u0119 poprzez formularz kontaktowy, podajesz nam przynajmniej sw\u00f3j adres e-mail. To od Ciebie zale\u017cy, czy w tre\u015bci podasz dodatkowe dane. Podanie danych jest dobrowolne, lecz konieczne, by nawi\u0105za\u0107 z nami kontakt.<\/p>\n<p>Twoje dane s\u0105 w tym przypadku przetwarzane w celu kontaktu z Tob\u0105. Podstaw\u0105, do przetwarzania danych jest Twoja zgoda. Masz prawo \u017c\u0105da\u0107 przedstawienia historii prowadzonej korespondencji oraz mo\u017cesz domaga\u0107 si\u0119 jej usuni\u0119cia, chyba \u017ce zachowanie korespondencji uzasadnione jest naszym interesem (np. ochrona przed roszczeniami).<\/p>\n<p><strong><\/strong><strong><u>V. Powierzenie przetwarzania danych osobowych<\/u><\/strong><\/p>\n<p>Twoje dane mog\u0105 by\u0107 przetwarzane przez podmioty trzecie, kt\u00f3rym zlecamy wykonanie poszczeg\u00f3lnych czynno\u015bci zwi\u0105zanych z zapewnieniem w\u0142a\u015bciwego funkcjonowania strony internetowej. Podmioty, kt\u00f3rym zlecam przetwarzanie danych osobowych, gwarantuj\u0105 stosowanie odpowiednich \u015brodk\u00f3w ochrony i bezpiecze\u0144stwa danych osobowych wymaganych przez przepisy prawa. Podmioty, kt\u00f3rym powierzamy przetwarzanie danych, to:<\/p>\n<ol>\n<li>DJM Finance Sp\u00f3\u0142ka z ograniczon\u0105 odpowiedzialno\u015bci\u0105 ul. Do Dysa 5, 20-149, Lublin, NIP 712-33-73-400, REGON 380980320 \u2013 w celu realizacji us\u0142ug ksi\u0119gowo\u015bci;<\/li>\n<li>ActiveCampaign LLC, 1 North Dearborn Street, Suite 500, Chicago, IL 60602, USA \u2013 w celu korzystania z systemu mailingowego, w kt\u00f3rym przetwarzane s\u0105 Twoje dane, je\u017celi zapisa\u0142e\u015b si\u0119 do newslettera;<\/li>\n<li>The Rocket Science Group LLC d\/b\/a Mailchimp, Attn. Privacy Officer, <a href=\"mailto:privacy@mailchimp.com\">privacy@mailchimp.com<\/a>, 675 Ponce de Leon Ave NE, Suite 5000, Atlanta, GA 30308 USA \u2013 w celu korzystania z systemu mailingowego, w kt\u00f3rym przetwarzane s\u0105 Twoje dane, je\u017celi zapisa\u0142e\u015b si\u0119 do newslettera;<\/li>\n<li>net &#8211; Avenue 81 (UK) Ltd, company number 11324538, whose registered address is 9th Floor, 107 Cheapside, London, EC2V 6DN \u2013 w celu korzystania z systemu mailingowego, w kt\u00f3rym przetwarzane s\u0105 Twoje dane, je\u017celi zapisa\u0142e\u015b si\u0119 do newslettera;<\/li>\n<\/ol>\n<p><strong><u>VI. Logi serwera<\/u><\/strong><\/p>\n<p>Korzystaj\u0105c z naszej strony internetowej przesy\u0142asz z wykorzystaniem swojego urz\u0105dzenia zapytania do serwera, na kt\u00f3rym przechowywana jest nasza strona. Logi obejmuj\u0105 m.in. adres IP, dat\u0119 i czas serwera, informacje o przegl\u0105darce internetowej i systemie operacyjnym, kt\u00f3re u\u017cywasz. Logi s\u0105 zapisywane i przechowywane na serwerze. Logi serwera stanowi\u0105 wy\u0142\u0105cznie materia\u0142 pomocniczy s\u0142u\u017c\u0105cy do administrowania stron\u0105. Ich zawarto\u015b\u0107 nie jest nikomu ujawniana.<\/p>\n<p>Dane zapisane w logach serwera nie s\u0105 kojarzone z konkretnymi osobami korzystaj\u0105cymi ze strony i nie s\u0105 wykorzystywane w celu identyfikacji konkretnych os\u00f3b.<\/p>\n<p><strong><\/strong><strong><u>VII. Pliki cookies<\/u><\/strong><\/p>\n<p>Pliki cookies (tzw. \u201eciasteczka\u201d) stanowi\u0105 dane informatyczne, kt\u00f3re przechowywane s\u0105 w Twoim urz\u0105dzeniu ko\u0144cowym. Na stronie internetowej stosuj\u0119 dwa zasadnicze rodzaje plik\u00f3w cookies: sesyjne oraz sta\u0142e. Cookies sesyjne s\u0105 plikami tymczasowymi, kt\u00f3re przechowywane s\u0105 w urz\u0105dzeniu ko\u0144cowym u\u017cytkownika do czasu wylogowania, opuszczenia strony internetowej lub wy\u0142\u0105czenia oprogramowania (przegl\u0105darki internetowej). Sta\u0142e pliki cookies przechowywane s\u0105 w Twoim urz\u0105dzeniu ko\u0144cowym przez czas okre\u015blony w parametrach plik\u00f3w cookies lub do czasu ich usuni\u0119cia przez Ciebie.<\/p>\n<p>Podczas pierwszej wizyty na naszej stronie internetowej wy\u015bwietlona zosta\u0142a Ci informacja o stosowaniu na niej plik\u00f3w cookies. Akceptacja komunikatu oznacza, \u017ce zgadzasz si\u0119 na korzystanie z plik\u00f3w cookies. W ka\u017cdym czasie mo\u017cesz dokona\u0107 zmiany ustawie\u0144 dotycz\u0105cych plik\u00f3w cookies.<\/p>\n<p>Ustawienia dotycz\u0105ce plik\u00f3w cookies mog\u0105 zosta\u0107 zmienione w szczeg\u00f3lno\u015bci w taki spos\u00f3b, aby blokowa\u0107 automatyczn\u0105 obs\u0142ug\u0119 plik\u00f3w cookies w ustawieniach przegl\u0105darki internetowej b\u0105d\u017a informowa\u0107 o ich ka\u017cdorazowym zamieszczeniu w Twoim urz\u0105dzeniu. Szczeg\u00f3\u0142owe informacje o mo\u017cliwo\u015bci i sposobach obs\u0142ugi plik\u00f3w cookies dost\u0119pne s\u0105 w ustawieniach oprogramowania przegl\u0105darki internetowej. Pami\u0119taj, \u017ce wy\u0142\u0105czenie lub ograniczenie obs\u0142ugi plik\u00f3w cookies mo\u017ce powodowa\u0107 trudno\u015bci w korzystaniu z naszej strony.<\/p>\n<p>Wykorzystujemy cookies w\u0142asne w celu:<\/p>\n<ol>\n<li>zapewnienia prawid\u0142owego dzia\u0142ania strony,<\/li>\n<li>realizacji procesu zam\u00f3wienia,<\/li>\n<li>prawid\u0142owego dzia\u0142ania pop-up\u00f3w i formularzy.<\/li>\n<\/ol>\n<p>Wykorzystuj\u0119 r\u00f3wnie\u017c cookies podmiot\u00f3w zewn\u0119trznych:<\/p>\n<ol>\n<li>Google Analytics (wydawca: Google LLC, 1600 Amphitheatre Parkway, Mountain View, CA 94043, USA) \u2013 w celu tworzenia statystyk i ich analizie dla optymalizacji strony,<\/li>\n<li>Google Adwords (wydawca: Google LLC, 1600 Amphitheatre Parkway, Mountain View, CA 94043, USA) \u2013 w celu promocji naszej strony internetowej,<\/li>\n<li>Facebook Pixel (wydawca: Facebook Inc., 1601 S. California Ave. Palo Alto, CA 94304, USA) \u2013 w celu reklamowania naszej strony internetowej w serwisie Facebook,<\/li>\n<\/ol>\n<p><strong><\/strong><strong><u>VIII. Zmiana polityki prywatno\u015bci i plik\u00f3w cookies<\/u><\/strong><\/p>\n<p>Zastrzegamy sobie prawo do wprowadzania zmian w polityce prywatno\u015bci. Zmiany b\u0119d\u0105 wprowadzane je\u015bli b\u0119dzie wymaga\u0107 tego obowi\u0105zuj\u0105ce prawo lub ulegn\u0105 zmianie warunki technologiczne funkcjonowania naszej strony internetowej. Aktualny tekst polityki prywatno\u015bci oraz wersje archiwalne zawsze b\u0119d\u0105 znajdowa\u0107 si\u0119 na naszej stronie internetowej.<\/p>\n","protected":false},"excerpt":{"rendered":"<p>Skoro trafi\u0142e\u015b do tej zak\u0142adki, to znaczy, \u017ce wa\u017cne jest dla Ciebie bezpiecze\u0144stwo Twoich danych w Sieci. Wiedz, \u017ce dbamy o\u00a0odpowiednie traktowanie Twoich danych osobowych. Szanuj\u0105c Tw\u00f3j czas, przygotowali\u015bmy dla Ciebie skr\u00f3con\u0105 wersj\u0119 najwa\u017cniejszych zasad zwi\u0105zanych z\u00a0ochron\u0105 prywatno\u015bci. Je\u017celi podstawowe informacje oka\u017c\u0105 si\u0119 dla Ciebie niewystarczaj\u0105ce, poni\u017cej znajdziesz szerszy opis, [&hellip;]<\/p>\n","protected":false},"author":1,"featured_media":0,"parent":0,"menu_order":0,"comment_status":"closed","ping_status":"closed","template":"","meta":{"_monsterinsights_skip_tracking":false,"_monsterinsights_sitenote_active":false,"_monsterinsights_sitenote_note":"","_monsterinsights_sitenote_category":0,"footnotes":""},"class_list":["post-4","page","type-page","status-publish","hentry"],"yoast_head":"<!-- This site is optimized with the Yoast SEO plugin v26.7 - https:\/\/yoast.com\/wordpress\/plugins\/seo\/ -->\n<title>Polityka prywatno\u015bci - ALTARO.com.pl BLOG<\/title>\n<meta name=\"robots\" content=\"index, follow, max-snippet:-1, max-image-preview:large, max-video-preview:-1\" \/>\n<link rel=\"canonical\" href=\"https:\/\/www.altaro.com.pl\/blog\/polityka-prywatnosci\/\" \/>\n<meta property=\"og:locale\" content=\"pl_PL\" \/>\n<meta property=\"og:type\" content=\"article\" \/>\n<meta property=\"og:title\" content=\"Polityka prywatno\u015bci - ALTARO.com.pl BLOG\" \/>\n<meta property=\"og:description\" content=\"Skoro trafi\u0142e\u015b do tej zak\u0142adki, to znaczy, \u017ce wa\u017cne jest dla Ciebie bezpiecze\u0144stwo Twoich danych w Sieci. Wiedz, \u017ce dbamy o\u00a0odpowiednie traktowanie Twoich danych osobowych. Szanuj\u0105c Tw\u00f3j czas, przygotowali\u015bmy dla Ciebie skr\u00f3con\u0105 wersj\u0119 najwa\u017cniejszych zasad zwi\u0105zanych z\u00a0ochron\u0105 prywatno\u015bci. Je\u017celi podstawowe informacje oka\u017c\u0105 si\u0119 dla Ciebie niewystarczaj\u0105ce, poni\u017cej znajdziesz szerszy opis, [&hellip;]\" \/>\n<meta property=\"og:url\" content=\"https:\/\/www.altaro.com.pl\/blog\/polityka-prywatnosci\/\" \/>\n<meta property=\"og:site_name\" content=\"ALTARO.com.pl BLOG\" \/>\n<meta property=\"article:modified_time\" content=\"2019-09-12T12:00:43+00:00\" \/>\n<meta name=\"twitter:card\" content=\"summary_large_image\" \/>\n<meta name=\"twitter:label1\" content=\"Szacowany czas czytania\" \/>\n\t<meta name=\"twitter:data1\" content=\"9 minut\" \/>\n<script type=\"application\/ld+json\" class=\"yoast-schema-graph\">{\"@context\":\"https:\/\/schema.org\",\"@graph\":[{\"@type\":\"WebPage\",\"@id\":\"https:\/\/www.altaro.com.pl\/blog\/polityka-prywatnosci\/\",\"url\":\"https:\/\/www.altaro.com.pl\/blog\/polityka-prywatnosci\/\",\"name\":\"Polityka prywatno\u015bci - ALTARO.com.pl BLOG\",\"isPartOf\":{\"@id\":\"https:\/\/www.altaro.com.pl\/blog\/#website\"},\"datePublished\":\"2018-10-23T10:57:24+00:00\",\"dateModified\":\"2019-09-12T12:00:43+00:00\",\"breadcrumb\":{\"@id\":\"https:\/\/www.altaro.com.pl\/blog\/polityka-prywatnosci\/#breadcrumb\"},\"inLanguage\":\"pl-PL\",\"potentialAction\":[{\"@type\":\"ReadAction\",\"target\":[\"https:\/\/www.altaro.com.pl\/blog\/polityka-prywatnosci\/\"]}]},{\"@type\":\"BreadcrumbList\",\"@id\":\"https:\/\/www.altaro.com.pl\/blog\/polityka-prywatnosci\/#breadcrumb\",\"itemListElement\":[{\"@type\":\"ListItem\",\"position\":1,\"name\":\"Strona g\u0142\u00f3wna\",\"item\":\"https:\/\/www.altaro.com.pl\/blog\/\"},{\"@type\":\"ListItem\",\"position\":2,\"name\":\"Polityka prywatno\u015bci\"}]},{\"@type\":\"WebSite\",\"@id\":\"https:\/\/www.altaro.com.pl\/blog\/#website\",\"url\":\"https:\/\/www.altaro.com.pl\/blog\/\",\"name\":\"ALTARO.com.pl BLOG\",\"description\":\"Piszemy o oprogramowaniu Altaro VM Backup\",\"publisher\":{\"@id\":\"https:\/\/www.altaro.com.pl\/blog\/#organization\"},\"potentialAction\":[{\"@type\":\"SearchAction\",\"target\":{\"@type\":\"EntryPoint\",\"urlTemplate\":\"https:\/\/www.altaro.com.pl\/blog\/?s={search_term_string}\"},\"query-input\":{\"@type\":\"PropertyValueSpecification\",\"valueRequired\":true,\"valueName\":\"search_term_string\"}}],\"inLanguage\":\"pl-PL\"},{\"@type\":\"Organization\",\"@id\":\"https:\/\/www.altaro.com.pl\/blog\/#organization\",\"name\":\"ALTARO.com.pl BLOG\",\"url\":\"https:\/\/www.altaro.com.pl\/blog\/\",\"logo\":{\"@type\":\"ImageObject\",\"inLanguage\":\"pl-PL\",\"@id\":\"https:\/\/www.altaro.com.pl\/blog\/#\/schema\/logo\/image\/\",\"url\":\"https:\/\/www.altaro.com.pl\/blog\/wp-content\/uploads\/2018\/10\/cropped-Altaro-VM-Backup-v_MM-1.jpg\",\"contentUrl\":\"https:\/\/www.altaro.com.pl\/blog\/wp-content\/uploads\/2018\/10\/cropped-Altaro-VM-Backup-v_MM-1.jpg\",\"width\":606,\"height\":139,\"caption\":\"ALTARO.com.pl BLOG\"},\"image\":{\"@id\":\"https:\/\/www.altaro.com.pl\/blog\/#\/schema\/logo\/image\/\"}}]}<\/script>\n<!-- \/ Yoast SEO plugin. -->","yoast_head_json":{"title":"Polityka prywatno\u015bci - ALTARO.com.pl BLOG","robots":{"index":"index","follow":"follow","max-snippet":"max-snippet:-1","max-image-preview":"max-image-preview:large","max-video-preview":"max-video-preview:-1"},"canonical":"https:\/\/www.altaro.com.pl\/blog\/polityka-prywatnosci\/","og_locale":"pl_PL","og_type":"article","og_title":"Polityka prywatno\u015bci - ALTARO.com.pl BLOG","og_description":"Skoro trafi\u0142e\u015b do tej zak\u0142adki, to znaczy, \u017ce wa\u017cne jest dla Ciebie bezpiecze\u0144stwo Twoich danych w Sieci. Wiedz, \u017ce dbamy o\u00a0odpowiednie traktowanie Twoich danych osobowych. Szanuj\u0105c Tw\u00f3j czas, przygotowali\u015bmy dla Ciebie skr\u00f3con\u0105 wersj\u0119 najwa\u017cniejszych zasad zwi\u0105zanych z\u00a0ochron\u0105 prywatno\u015bci. Je\u017celi podstawowe informacje oka\u017c\u0105 si\u0119 dla Ciebie niewystarczaj\u0105ce, poni\u017cej znajdziesz szerszy opis, [&hellip;]","og_url":"https:\/\/www.altaro.com.pl\/blog\/polityka-prywatnosci\/","og_site_name":"ALTARO.com.pl BLOG","article_modified_time":"2019-09-12T12:00:43+00:00","twitter_card":"summary_large_image","twitter_misc":{"Szacowany czas czytania":"9 minut"},"schema":{"@context":"https:\/\/schema.org","@graph":[{"@type":"WebPage","@id":"https:\/\/www.altaro.com.pl\/blog\/polityka-prywatnosci\/","url":"https:\/\/www.altaro.com.pl\/blog\/polityka-prywatnosci\/","name":"Polityka prywatno\u015bci - ALTARO.com.pl BLOG","isPartOf":{"@id":"https:\/\/www.altaro.com.pl\/blog\/#website"},"datePublished":"2018-10-23T10:57:24+00:00","dateModified":"2019-09-12T12:00:43+00:00","breadcrumb":{"@id":"https:\/\/www.altaro.com.pl\/blog\/polityka-prywatnosci\/#breadcrumb"},"inLanguage":"pl-PL","potentialAction":[{"@type":"ReadAction","target":["https:\/\/www.altaro.com.pl\/blog\/polityka-prywatnosci\/"]}]},{"@type":"BreadcrumbList","@id":"https:\/\/www.altaro.com.pl\/blog\/polityka-prywatnosci\/#breadcrumb","itemListElement":[{"@type":"ListItem","position":1,"name":"Strona g\u0142\u00f3wna","item":"https:\/\/www.altaro.com.pl\/blog\/"},{"@type":"ListItem","position":2,"name":"Polityka prywatno\u015bci"}]},{"@type":"WebSite","@id":"https:\/\/www.altaro.com.pl\/blog\/#website","url":"https:\/\/www.altaro.com.pl\/blog\/","name":"ALTARO.com.pl BLOG","description":"Piszemy o oprogramowaniu Altaro VM Backup","publisher":{"@id":"https:\/\/www.altaro.com.pl\/blog\/#organization"},"potentialAction":[{"@type":"SearchAction","target":{"@type":"EntryPoint","urlTemplate":"https:\/\/www.altaro.com.pl\/blog\/?s={search_term_string}"},"query-input":{"@type":"PropertyValueSpecification","valueRequired":true,"valueName":"search_term_string"}}],"inLanguage":"pl-PL"},{"@type":"Organization","@id":"https:\/\/www.altaro.com.pl\/blog\/#organization","name":"ALTARO.com.pl BLOG","url":"https:\/\/www.altaro.com.pl\/blog\/","logo":{"@type":"ImageObject","inLanguage":"pl-PL","@id":"https:\/\/www.altaro.com.pl\/blog\/#\/schema\/logo\/image\/","url":"https:\/\/www.altaro.com.pl\/blog\/wp-content\/uploads\/2018\/10\/cropped-Altaro-VM-Backup-v_MM-1.jpg","contentUrl":"https:\/\/www.altaro.com.pl\/blog\/wp-content\/uploads\/2018\/10\/cropped-Altaro-VM-Backup-v_MM-1.jpg","width":606,"height":139,"caption":"ALTARO.com.pl BLOG"},"image":{"@id":"https:\/\/www.altaro.com.pl\/blog\/#\/schema\/logo\/image\/"}}]}},"_links":{"self":[{"href":"https:\/\/www.altaro.com.pl\/blog\/wp-json\/wp\/v2\/pages\/4","targetHints":{"allow":["GET"]}}],"collection":[{"href":"https:\/\/www.altaro.com.pl\/blog\/wp-json\/wp\/v2\/pages"}],"about":[{"href":"https:\/\/www.altaro.com.pl\/blog\/wp-json\/wp\/v2\/types\/page"}],"author":[{"embeddable":true,"href":"https:\/\/www.altaro.com.pl\/blog\/wp-json\/wp\/v2\/users\/1"}],"replies":[{"embeddable":true,"href":"https:\/\/www.altaro.com.pl\/blog\/wp-json\/wp\/v2\/comments?post=4"}],"version-history":[{"count":3,"href":"https:\/\/www.altaro.com.pl\/blog\/wp-json\/wp\/v2\/pages\/4\/revisions"}],"predecessor-version":[{"id":129,"href":"https:\/\/www.altaro.com.pl\/blog\/wp-json\/wp\/v2\/pages\/4\/revisions\/129"}],"wp:attachment":[{"href":"https:\/\/www.altaro.com.pl\/blog\/wp-json\/wp\/v2\/media?parent=4"}],"curies":[{"name":"wp","href":"https:\/\/api.w.org\/{rel}","templated":true}]}}